{"id":777,"date":"2019-06-06T19:00:21","date_gmt":"2019-06-06T17:00:21","guid":{"rendered":"http:\/\/hetman.augustow.pl\/?page_id=777"},"modified":"2020-04-24T11:58:05","modified_gmt":"2020-04-24T09:58:05","slug":"oferta","status":"publish","type":"page","link":"https:\/\/hetman.augustow.pl\/?page_id=777","title":{"rendered":"Oferta"},"content":{"rendered":"\n<h2 class=\"wp-block-heading\">Oferujemy:<\/h2>\n\n\n\n<ul class=\"wp-block-list\"><li><strong>23 pokoje 2 osobowe<\/strong><\/li><li><strong>7 pokoi 3 osobowych<\/strong><\/li><li><strong>5 pokoi 4 osobowych<\/strong><\/li><li><strong>1 pok\u00f3j 5 osobowy<\/strong><\/li><li><strong>2 apartamenty 2 osobowe <\/strong><\/li><\/ul>\n\n\n\n<h2 class=\"wp-block-heading\">Posiadamy:<\/h2>\n\n\n\n<ul class=\"wp-block-list\"><li><strong>sal\u0119 konferencyjn\u0105 na 100 os.<\/strong><\/li><li><strong>kameraln\u0105 sal\u0119 bankietow\u0105 na 8 os.<\/strong><\/li><li><strong>sal\u0119 restauracyjn\u0105 na 100 os.<\/strong><\/li><\/ul>\n\n\n\n<h2 class=\"wp-block-heading\"> Dla uatrakcyjnienia pobytu zapraszamy do skorzystania z:  <\/h2>\n\n\n\n<ul class=\"wp-block-list\"><li><strong>wypo\u017cyczalni sprz\u0119tu wodnego;<\/strong><\/li><li><strong>bilardu, pi\u0142karzyk\u00f3w, sto\u0142u do ping-ponga;<\/strong><\/li><li><strong>mo\u017cliwo\u015b\u0107 zam\u00f3wienia rejsu statkiem wraz z bankietem (w\u0142asny port);<\/strong><\/li><li><strong>ogniska z grillem i muzyk\u0105.<\/strong><\/li><\/ul>\n","protected":false},"excerpt":{"rendered":"<p>Oferujemy: 23 pokoje 2 osobowe 7 pokoi 3 osobowych 5 pokoi 4 osobowych 1 pok\u00f3j 5 osobowy 2 apartamenty 2 [&hellip;]<\/p>\n","protected":false},"author":1,"featured_media":0,"parent":0,"menu_order":0,"comment_status":"closed","ping_status":"closed","template":"","meta":{"_eb_attr":"","site-sidebar-layout":"default","site-content-layout":"","ast-site-content-layout":"","site-content-style":"default","site-sidebar-style":"default","ast-global-header-display":"","ast-banner-title-visibility":"","ast-main-header-display":"","ast-hfb-above-header-display":"","ast-hfb-below-header-display":"","ast-hfb-mobile-header-display":"","site-post-title":"","ast-breadcrumbs-content":"","ast-featured-img":"","footer-sml-layout":"","theme-transparent-header-meta":"","adv-header-id-meta":"","stick-header-meta":"","header-above-stick-meta":"","header-main-stick-meta":"","header-below-stick-meta":"","astra-migrate-meta-layouts":"default","ast-page-background-enabled":"default","ast-page-background-meta":{"desktop":{"background-color":"var(--ast-global-color-4)","background-image":"","background-repeat":"repeat","background-position":"center center","background-size":"auto","background-attachment":"scroll","background-type":"","background-media":"","overlay-type":"","overlay-color":"","overlay-opacity":"","overlay-gradient":""},"tablet":{"background-color":"","background-image":"","background-repeat":"repeat","background-position":"center center","background-size":"auto","background-attachment":"scroll","background-type":"","background-media":"","overlay-type":"","overlay-color":"","overlay-opacity":"","overlay-gradient":""},"mobile":{"background-color":"","background-image":"","background-repeat":"repeat","background-position":"center center","background-size":"auto","background-attachment":"scroll","background-type":"","background-media":"","overlay-type":"","overlay-color":"","overlay-opacity":"","overlay-gradient":""}},"ast-content-background-meta":{"desktop":{"background-color":"var(--ast-global-color-5)","background-image":"","background-repeat":"repeat","background-position":"center center","background-size":"auto","background-attachment":"scroll","background-type":"","background-media":"","overlay-type":"","overlay-color":"","overlay-opacity":"","overlay-gradient":""},"tablet":{"background-color":"var(--ast-global-color-5)","background-image":"","background-repeat":"repeat","background-position":"center center","background-size":"auto","background-attachment":"scroll","background-type":"","background-media":"","overlay-type":"","overlay-color":"","overlay-opacity":"","overlay-gradient":""},"mobile":{"background-color":"var(--ast-global-color-5)","background-image":"","background-repeat":"repeat","background-position":"center center","background-size":"auto","background-attachment":"scroll","background-type":"","background-media":"","overlay-type":"","overlay-color":"","overlay-opacity":"","overlay-gradient":""}},"footnotes":""},"class_list":["post-777","page","type-page","status-publish","hentry"],"_links":{"self":[{"href":"https:\/\/hetman.augustow.pl\/index.php?rest_route=\/wp\/v2\/pages\/777"}],"collection":[{"href":"https:\/\/hetman.augustow.pl\/index.php?rest_route=\/wp\/v2\/pages"}],"about":[{"href":"https:\/\/hetman.augustow.pl\/index.php?rest_route=\/wp\/v2\/types\/page"}],"author":[{"embeddable":true,"href":"https:\/\/hetman.augustow.pl\/index.php?rest_route=\/wp\/v2\/users\/1"}],"replies":[{"embeddable":true,"href":"https:\/\/hetman.augustow.pl\/index.php?rest_route=%2Fwp%2Fv2%2Fcomments&post=777"}],"version-history":[{"count":3,"href":"https:\/\/hetman.augustow.pl\/index.php?rest_route=\/wp\/v2\/pages\/777\/revisions"}],"predecessor-version":[{"id":845,"href":"https:\/\/hetman.augustow.pl\/index.php?rest_route=\/wp\/v2\/pages\/777\/revisions\/845"}],"wp:attachment":[{"href":"https:\/\/hetman.augustow.pl\/index.php?rest_route=%2Fwp%2Fv2%2Fmedia&parent=777"}],"curies":[{"name":"wp","href":"https:\/\/api.w.org\/{rel}","templated":true}]}}